{"id":1403,"date":"2017-11-08T11:24:19","date_gmt":"2017-11-08T11:24:19","guid":{"rendered":"http:\/\/open.ieec.uned.es\/iot\/?page_id=1403"},"modified":"2017-11-08T11:24:19","modified_gmt":"2017-11-08T11:24:19","slug":"concursos","status":"publish","type":"page","link":"https:\/\/open.ieec.uned.es\/iot\/educacion\/concursos\/","title":{"rendered":"Concursos"},"content":{"rendered":"<p>Desde el IoT Hub colaboramos con algunos de los m\u00e1s prestigiosos concursos y convocatorias internacionales para guiar y aconsejar a los alumnos e investigadores UNED a participar :<\/p>\n<table border=\"0\">\n<tbody>\n<tr>\n<td width=\"30%\"><a href=\"https:\/\/www.technologyreview.com\/lists\/innovators-under-35\"><img loading=\"lazy\" src=\"https:\/\/cdn.technologyreview.com\/_\/img\/stacked-logo.svg?v=2\" width=\"150px\" height=\"auto\" \/><\/a><\/td>\n<td><a href=\"https:\/\/www.technologyreview.com\/lists\/innovators-under-35\">MIT Innovators Under 35 &#8211; Europe (MIT)<\/a><\/td>\n<\/tr>\n<tr>\n<td width=\"30%\"><img loading=\"lazy\" class=\"alignnone size-medium\" src=\"https:\/\/www.cooking-hacks.com\/wp\/wp-content\/uploads\/2015\/09\/IoTSpartansLogo.png\" width=\"390\" height=\"390\" \/><\/td>\n<td><a>Spartans Challenge (Libelium)<\/a><\/td>\n<\/tr>\n<tr>\n<td width=\"30%\"><a href=\"https:\/\/makershare.com\/missions\/z-wave-challenge\"><img loading=\"lazy\" src=\"http:\/\/media.whatcounts.com\/makermedia\/MakerPro\/2017-11-16\/SigmaSmtHmChlg300x250min.png\" width=\"150px\" height=\"auto\" \/><\/a><\/td>\n<td><a href=\"https:\/\/makershare.com\/missions\/z-wave-challenge\">Z-Wave Smart Home Maker Challenge<br \/>\n<\/a><\/td>\n<\/tr>\n<\/tbody>\n<\/table>\n<p>Adicionalmente el IoT Hub est\u00e1 en contacto con la <a href=\"http:\/\/portal.uned.es\/portal\/page?_pageid=93,559506&amp;_dad=portal\">Oficina de Transferencia de Resultados de Investigaci\u00f3n (OTRI)<\/a> de la UNED para ayudar a los investigadores y alumnos autores de desarrollos innovadores para la realizaci\u00f3n de patentes, registros de propiedad intelectual, as\u00ed como creaci\u00f3n de start-ups.<\/p>\n<p><img class=\"aligncenter\" src=\"http:\/\/portal.uned.es\/pls\/portal\/url\/ITEM\/C2E658EB202BFA37E040660A33703D27\" \/><\/p>\n","protected":false},"excerpt":{"rendered":"<div class=\"slide-text-bg2\"><span>Desde el IoT Hub colaboramos con algunos de los m\u00e1s prestigiosos concursos y convocatorias internacionales para guiar y aconsejar a los alumnos e investig<\/span><\/div>\n<div class=\"slide-btn-area-sm\"><a href=\"https:\/\/open.ieec.uned.es\/iot\/educacion\/concursos\/\" class=\"slide-btn-sm\">Read More<\/a><\/div>\n","protected":false},"author":1,"featured_media":0,"parent":1281,"menu_order":0,"comment_status":"closed","ping_status":"closed","template":"","meta":[],"_links":{"self":[{"href":"https:\/\/open.ieec.uned.es\/iot\/wp-json\/wp\/v2\/pages\/1403"}],"collection":[{"href":"https:\/\/open.ieec.uned.es\/iot\/wp-json\/wp\/v2\/pages"}],"about":[{"href":"https:\/\/open.ieec.uned.es\/iot\/wp-json\/wp\/v2\/types\/page"}],"author":[{"embeddable":true,"href":"https:\/\/open.ieec.uned.es\/iot\/wp-json\/wp\/v2\/users\/1"}],"replies":[{"embeddable":true,"href":"https:\/\/open.ieec.uned.es\/iot\/wp-json\/wp\/v2\/comments?post=1403"}],"version-history":[{"count":0,"href":"https:\/\/open.ieec.uned.es\/iot\/wp-json\/wp\/v2\/pages\/1403\/revisions"}],"up":[{"embeddable":true,"href":"https:\/\/open.ieec.uned.es\/iot\/wp-json\/wp\/v2\/pages\/1281"}],"wp:attachment":[{"href":"https:\/\/open.ieec.uned.es\/iot\/wp-json\/wp\/v2\/media?parent=1403"}],"curies":[{"name":"wp","href":"https:\/\/api.w.org\/{rel}","templated":true}]}}