{"id":39,"date":"2022-10-27T09:14:46","date_gmt":"2022-10-27T09:14:46","guid":{"rendered":"https:\/\/open.ieec.uned.es\/in4labs\/?page_id=39"},"modified":"2024-04-19T11:36:18","modified_gmt":"2024-04-19T11:36:18","slug":"inicio","status":"publish","type":"page","link":"https:\/\/open.ieec.uned.es\/in4labs\/","title":{"rendered":"IN4LABS"},"content":{"rendered":"\n<div class=\"wp-block-media-text alignwide is-stacked-on-mobile is-vertically-aligned-center\" style=\"grid-template-columns:35% auto\"><figure class=\"wp-block-media-text__media\"><img loading=\"lazy\" width=\"512\" height=\"512\" src=\"https:\/\/open.ieec.uned.es\/in4labs\/wp-content\/uploads\/2022\/10\/cropped-logo-512.png\" alt=\"\" class=\"wp-image-43 size-full\" srcset=\"https:\/\/open.ieec.uned.es\/in4labs\/wp-content\/uploads\/2022\/10\/cropped-logo-512.png 512w, https:\/\/open.ieec.uned.es\/in4labs\/wp-content\/uploads\/2022\/10\/cropped-logo-512-300x300.png 300w, https:\/\/open.ieec.uned.es\/in4labs\/wp-content\/uploads\/2022\/10\/cropped-logo-512-150x150.png 150w, https:\/\/open.ieec.uned.es\/in4labs\/wp-content\/uploads\/2022\/10\/cropped-logo-512-270x270.png 270w, https:\/\/open.ieec.uned.es\/in4labs\/wp-content\/uploads\/2022\/10\/cropped-logo-512-192x192.png 192w, https:\/\/open.ieec.uned.es\/in4labs\/wp-content\/uploads\/2022\/10\/cropped-logo-512-180x180.png 180w, https:\/\/open.ieec.uned.es\/in4labs\/wp-content\/uploads\/2022\/10\/cropped-logo-512-32x32.png 32w\" sizes=\"(max-width: 512px) 100vw, 512px\" \/><\/figure><div class=\"wp-block-media-text__content\">\n<div class=\"wp-container-1 wp-block-group\" style=\"padding-top:2em;padding-right:2em;padding-bottom:2em;padding-left:2em\"><div class=\"wp-block-group__inner-container\">\n<figure class=\"wp-block-image size-large\"><img loading=\"lazy\" width=\"1024\" height=\"165\" src=\"https:\/\/open.ieec.uned.es\/in4labs\/wp-content\/uploads\/2024\/04\/logos-1024x165.png\" alt=\"\" class=\"wp-image-175\" srcset=\"https:\/\/open.ieec.uned.es\/in4labs\/wp-content\/uploads\/2024\/04\/logos-1024x165.png 1024w, https:\/\/open.ieec.uned.es\/in4labs\/wp-content\/uploads\/2024\/04\/logos-300x48.png 300w, https:\/\/open.ieec.uned.es\/in4labs\/wp-content\/uploads\/2024\/04\/logos-768x124.png 768w, https:\/\/open.ieec.uned.es\/in4labs\/wp-content\/uploads\/2024\/04\/logos.png 1235w\" sizes=\"(max-width: 1024px) 100vw, 1024px\" \/><\/figure>\n<\/div><\/div>\n\n\n\n<p>In4Labs: Plataforma abierta para facilitar el desarrollo de laboratorios remotos de Industria 4.0 <\/p>\n\n\n\n<div class=\"wp-block-file\"><a id=\"wp-block-file--media-ec2bc2ad-0ef1-4d3f-8446-b29367aac57c\" href=\"https:\/\/open.ieec.uned.es\/in4labs\/wp-content\/uploads\/2023\/04\/IN4LABS.pdf\">IN4LABS<\/a><a href=\"https:\/\/open.ieec.uned.es\/in4labs\/wp-content\/uploads\/2023\/04\/IN4LABS.pdf\" class=\"wp-block-file__button\" download aria-describedby=\"wp-block-file--media-ec2bc2ad-0ef1-4d3f-8446-b29367aac57c\">Descarga<\/a><\/div>\n<\/div><\/div>\n\n\n\n<div class=\"wp-block-media-text alignwide has-media-on-the-right is-stacked-on-mobile is-vertically-aligned-center has-background\" style=\"background-color:#f1f5c7\"><figure class=\"wp-block-media-text__media\"><img loading=\"lazy\" width=\"1024\" height=\"683\" src=\"https:\/\/open.ieec.uned.es\/in4labs\/wp-content\/uploads\/2022\/10\/pexels-alexander-dummer-132700-1024x683.jpg\" alt=\"\" class=\"wp-image-47 size-full\" srcset=\"https:\/\/open.ieec.uned.es\/in4labs\/wp-content\/uploads\/2022\/10\/pexels-alexander-dummer-132700-1024x683.jpg 1024w, https:\/\/open.ieec.uned.es\/in4labs\/wp-content\/uploads\/2022\/10\/pexels-alexander-dummer-132700-300x200.jpg 300w, https:\/\/open.ieec.uned.es\/in4labs\/wp-content\/uploads\/2022\/10\/pexels-alexander-dummer-132700-768x512.jpg 768w, https:\/\/open.ieec.uned.es\/in4labs\/wp-content\/uploads\/2022\/10\/pexels-alexander-dummer-132700-1536x1024.jpg 1536w, https:\/\/open.ieec.uned.es\/in4labs\/wp-content\/uploads\/2022\/10\/pexels-alexander-dummer-132700-2048x1365.jpg 2048w, https:\/\/open.ieec.uned.es\/in4labs\/wp-content\/uploads\/2022\/10\/pexels-alexander-dummer-132700-1568x1045.jpg 1568w\" sizes=\"(max-width: 1024px) 100vw, 1024px\" \/><\/figure><div class=\"wp-block-media-text__content\">\n<div class=\"wp-container-2 wp-block-group\" style=\"padding-top:2em;padding-right:2em;padding-bottom:2em;padding-left:2em\"><div class=\"wp-block-group__inner-container\">\n<p style=\"font-size:36px;line-height:1.2\">Desarrollo de una plataforma que d\u00e9 soporte y facilite la creaci\u00f3n de laboratorios remotos.<\/p>\n\n\n\n<p class=\"has-extra-small-font-size\"><\/p>\n<\/div><\/div>\n<\/div><\/div>\n\n\n\n<div class=\"wp-block-media-text alignwide is-stacked-on-mobile is-vertically-aligned-center has-background\" style=\"background-color:#fffdea\"><figure class=\"wp-block-media-text__media\"><img loading=\"lazy\" width=\"1024\" height=\"683\" src=\"https:\/\/open.ieec.uned.es\/in4labs\/wp-content\/uploads\/2022\/10\/pexels-brett-sayles-4508748-1024x683.jpg\" alt=\"\" class=\"wp-image-54 size-full\" srcset=\"https:\/\/open.ieec.uned.es\/in4labs\/wp-content\/uploads\/2022\/10\/pexels-brett-sayles-4508748-1024x683.jpg 1024w, https:\/\/open.ieec.uned.es\/in4labs\/wp-content\/uploads\/2022\/10\/pexels-brett-sayles-4508748-300x200.jpg 300w, https:\/\/open.ieec.uned.es\/in4labs\/wp-content\/uploads\/2022\/10\/pexels-brett-sayles-4508748-768x512.jpg 768w, https:\/\/open.ieec.uned.es\/in4labs\/wp-content\/uploads\/2022\/10\/pexels-brett-sayles-4508748-1536x1024.jpg 1536w, https:\/\/open.ieec.uned.es\/in4labs\/wp-content\/uploads\/2022\/10\/pexels-brett-sayles-4508748-2048x1365.jpg 2048w, https:\/\/open.ieec.uned.es\/in4labs\/wp-content\/uploads\/2022\/10\/pexels-brett-sayles-4508748-1568x1045.jpg 1568w\" sizes=\"(max-width: 1024px) 100vw, 1024px\" \/><\/figure><div class=\"wp-block-media-text__content\">\n<p><\/p>\n\n\n\n<div class=\"wp-container-3 wp-block-group\" style=\"padding-top:2em;padding-right:2em;padding-bottom:2em;padding-left:2em\"><div class=\"wp-block-group__inner-container\">\n<p style=\"font-size:36px;line-height:1.2\">Desarrollo de laboratorios remotos basados en la tecnolog\u00eda de Industria 4.0.<\/p>\n\n\n\n<p class=\"has-extra-small-font-size\"><\/p>\n<\/div><\/div>\n<\/div><\/div>\n\n\n\n<div class=\"wp-block-media-text alignwide has-media-on-the-right is-stacked-on-mobile is-vertically-aligned-center has-background\" style=\"background-color:#f1f5c7\"><figure class=\"wp-block-media-text__media\"><img loading=\"lazy\" width=\"1024\" height=\"683\" src=\"https:\/\/open.ieec.uned.es\/in4labs\/wp-content\/uploads\/2022\/10\/pexels-fauxels-3184327-1024x683.jpg\" alt=\"\" class=\"wp-image-58 size-full\" srcset=\"https:\/\/open.ieec.uned.es\/in4labs\/wp-content\/uploads\/2022\/10\/pexels-fauxels-3184327-1024x683.jpg 1024w, https:\/\/open.ieec.uned.es\/in4labs\/wp-content\/uploads\/2022\/10\/pexels-fauxels-3184327-300x200.jpg 300w, https:\/\/open.ieec.uned.es\/in4labs\/wp-content\/uploads\/2022\/10\/pexels-fauxels-3184327-768x512.jpg 768w, https:\/\/open.ieec.uned.es\/in4labs\/wp-content\/uploads\/2022\/10\/pexels-fauxels-3184327-1536x1024.jpg 1536w, https:\/\/open.ieec.uned.es\/in4labs\/wp-content\/uploads\/2022\/10\/pexels-fauxels-3184327-2048x1365.jpg 2048w, https:\/\/open.ieec.uned.es\/in4labs\/wp-content\/uploads\/2022\/10\/pexels-fauxels-3184327-1568x1045.jpg 1568w\" sizes=\"(max-width: 1024px) 100vw, 1024px\" \/><\/figure><div class=\"wp-block-media-text__content\">\n<div class=\"wp-container-4 wp-block-group\" style=\"padding-top:2em;padding-right:2em;padding-bottom:2em;padding-left:2em\"><div class=\"wp-block-group__inner-container\">\n<p style=\"font-size:36px;line-height:1.2\">En colaboraci\u00f3n con asociaciones, compa\u00f1\u00edas e instituciones para impulsar la Industria 4.0<strong>.<\/strong><\/p>\n\n\n\n<p class=\"has-extra-small-font-size\"><\/p>\n<\/div><\/div>\n<\/div><\/div>\n\n\n\n<h2>Novedades<\/h2>\n\n\n\n<p>Descubre las \u00faltimas noticias relacionadas con el proyecto.<\/p>\n\n\n\n<div class=\"wp-container-9 wp-block-query alignwide\">\n<div class=\"wp-container-8 wp-block-columns alignfull\">\n<div class=\"wp-container-7 wp-block-column\" style=\"flex-basis:100%\">\n<div class=\"wp-container-6 wp-block-group\"><div class=\"wp-block-group__inner-container\"><ul class=\"wp-container-5 wp-block-post-template\"><li class=\"wp-block-post post-231 post type-post status-publish format-standard hentry category-actividades tag-congreso tag-in4labs tag-laboratorios-remotos entry\">\n<h2 class=\"wp-block-post-title\"><a href=\"https:\/\/open.ieec.uned.es\/in4labs\/2025\/09\/30\/presentacion-articulo-en-el-icelie-2025\/\" target=\"_self\" rel=\"\">Presentaci\u00f3n de art\u00edculo en el ICELIE 2025<\/a><\/h2>\n\n\n\n<div class=\"wp-block-post-excerpt\"><p class=\"wp-block-post-excerpt__excerpt\">Varios investigadores del proyecto In4labs presentar\u00e1n el 16 de octubre en el congreso ICELIE 2025 la siguiente contribuci\u00f3n: Carlos Rej\u00f3n, Antonio Robles-G\u00f3mez, Sergio Martin. Experimentation with Remote Laboratories within the In4Labs Open-Source Platform. IEEE 12th International Conference on E-Learning in Industrial Electronics (ICELIE 2025), co-located within IECON 2025. IEEE Industrial Electronics Society. Madrid, Spain. October,&hellip; <a class=\"more-link\" href=\"https:\/\/open.ieec.uned.es\/in4labs\/2025\/09\/30\/presentacion-articulo-en-el-icelie-2025\/\">Seguir leyendo <span class=\"screen-reader-text\">Presentaci\u00f3n de art\u00edculo en el ICELIE 2025<\/span><\/a> <\/p><\/div>\n\n\n<hr class=\"wp-block-separator has-css-opacity\"\/>\n\n\n<div class=\"wp-block-post-date\"><time datetime=\"2025-09-30T07:35:07+00:00\">30 de septiembre de 2025<\/time><\/div>\n<\/li><li class=\"wp-block-post post-210 post type-post status-publish format-standard hentry category-actividades category-resultados tag-in4labs tag-laboratorios-remotos tag-seminario entry\">\n<h2 class=\"wp-block-post-title\"><a href=\"https:\/\/open.ieec.uned.es\/in4labs\/2025\/06\/03\/in4labs-como-caso-de-exito-de-ia-en-educacion\/\" target=\"_self\" rel=\"\">In4Labs como Caso de \u00e9xito de IA en educaci\u00f3n<\/a><\/h2>\n\n\n\n<div class=\"wp-block-post-excerpt\"><p class=\"wp-block-post-excerpt__excerpt\">El d\u00eda 2 de junio tuvieron lugar las Jornadas tituladas \u00abCasos de \u00e9xito en la implementaci\u00f3n de la IA en educaci\u00f3n\u00bb, organizadas por UNIR, TAEE e IEEE Secci\u00f3n de Espa\u00f1a, dentro del ciclo de ciclo \u201cIoT en educaci\u00f3n: hacia la industria 5.0\u201d. Dentro de dichas Jornadas, tuvimos la oportunidad de presentar nuestro proyecto In4Labs, con&hellip; <a class=\"more-link\" href=\"https:\/\/open.ieec.uned.es\/in4labs\/2025\/06\/03\/in4labs-como-caso-de-exito-de-ia-en-educacion\/\">Seguir leyendo <span class=\"screen-reader-text\">In4Labs como Caso de \u00e9xito de IA en educaci\u00f3n<\/span><\/a> <\/p><\/div>\n\n\n<hr class=\"wp-block-separator has-css-opacity\"\/>\n\n\n<div class=\"wp-block-post-date\"><time datetime=\"2025-06-03T11:19:14+00:00\">3 de junio de 2025<\/time><\/div>\n<\/li><li class=\"wp-block-post post-200 post type-post status-publish format-standard hentry category-actividades tag-in4labs tag-laboratorios-remotos entry\">\n<h2 class=\"wp-block-post-title\"><a href=\"https:\/\/open.ieec.uned.es\/in4labs\/2025\/05\/05\/encuentro-presencial-con-el-profesor-abul-azad\/\" target=\"_self\" rel=\"\">Encuentro presencial con el profesor Abul Azad<\/a><\/h2>\n\n\n\n<div class=\"wp-block-post-excerpt\"><p class=\"wp-block-post-excerpt__excerpt\">Varios miembros del proyecto In4Labs se han reunido con Abul Azad &#8211; Professor and Fulbright Scholar, Northern Illinois University, USA. El objetivo del encuentro ha sido la presentaci\u00f3n hardware y software de los laboratorios remotos que componen el proyecto, y as\u00ed, difundir nuestros desarrollos y crear posibles sinergias. Esta iniciativa forma parte del proyecto TED2021-131535B-I00,&hellip; <a class=\"more-link\" href=\"https:\/\/open.ieec.uned.es\/in4labs\/2025\/05\/05\/encuentro-presencial-con-el-profesor-abul-azad\/\">Seguir leyendo <span class=\"screen-reader-text\">Encuentro presencial con el profesor Abul Azad<\/span><\/a> <\/p><\/div>\n\n\n<hr class=\"wp-block-separator has-css-opacity\"\/>\n\n\n<div class=\"wp-block-post-date\"><time datetime=\"2025-05-05T17:00:00+00:00\">5 de mayo de 2025<\/time><\/div>\n<\/li><\/ul><\/div><\/div>\n<\/div>\n<\/div>\n<\/div>\n","protected":false},"excerpt":{"rendered":"<p>Novedades Descubre las \u00faltimas noticias relacionadas con el proyecto.<\/p>\n","protected":false},"author":2,"featured_media":0,"parent":0,"menu_order":0,"comment_status":"closed","ping_status":"closed","template":"","meta":[],"_links":{"self":[{"href":"https:\/\/open.ieec.uned.es\/in4labs\/wp-json\/wp\/v2\/pages\/39"}],"collection":[{"href":"https:\/\/open.ieec.uned.es\/in4labs\/wp-json\/wp\/v2\/pages"}],"about":[{"href":"https:\/\/open.ieec.uned.es\/in4labs\/wp-json\/wp\/v2\/types\/page"}],"author":[{"embeddable":true,"href":"https:\/\/open.ieec.uned.es\/in4labs\/wp-json\/wp\/v2\/users\/2"}],"replies":[{"embeddable":true,"href":"https:\/\/open.ieec.uned.es\/in4labs\/wp-json\/wp\/v2\/comments?post=39"}],"version-history":[{"count":28,"href":"https:\/\/open.ieec.uned.es\/in4labs\/wp-json\/wp\/v2\/pages\/39\/revisions"}],"predecessor-version":[{"id":224,"href":"https:\/\/open.ieec.uned.es\/in4labs\/wp-json\/wp\/v2\/pages\/39\/revisions\/224"}],"wp:attachment":[{"href":"https:\/\/open.ieec.uned.es\/in4labs\/wp-json\/wp\/v2\/media?parent=39"}],"curies":[{"name":"wp","href":"https:\/\/api.w.org\/{rel}","templated":true}]}}