{"id":101,"date":"2023-04-13T10:00:06","date_gmt":"2023-04-13T10:00:06","guid":{"rendered":"https:\/\/open.ieec.uned.es\/in4labs\/?page_id=101"},"modified":"2025-10-15T13:25:02","modified_gmt":"2025-10-15T13:25:02","slug":"resultados","status":"publish","type":"page","link":"https:\/\/open.ieec.uned.es\/in4labs\/resultados\/","title":{"rendered":"Resultados"},"content":{"rendered":"\n<p>La implementaci\u00f3n de nuestros <strong>laboratorios remotos de Industria 4.0 de c\u00f3digo abierto<\/strong> en otras instituciones tomar\u00e1 solo alrededor de <strong>2 horas por laboratorio<\/strong> para la configuraci\u00f3n completa del software y el hardware, cuando normalmente llevar\u00eda varios meses de trabajo. <\/p>\n\n\n\n<p>Todos los desarrollos del proyecto se encuentran en el siguiente repositorio de GitHub, siendo libremente accesibles para toda la comunidad cient\u00edfica: <a href=\"https:\/\/github.com\/cRejon\/in4labs\" target=\"_blank\" rel=\"noreferrer noopener\">https:\/\/github.com\/cRejon\/in4labs<\/a><\/p>\n\n\n\n<p>Esto promover\u00e1 un efecto en cascada, que propiciar\u00e1 el desarrollo de muchos m\u00e1s laboratorios en l\u00ednea basados en nuestras plataformas, al ser de c\u00f3digo abierto, lo que har\u00e1 crecer la comunidad de la Industria 4.0.<\/p>\n\n\n\n<figure class=\"wp-block-image size-full\"><img loading=\"lazy\" width=\"620\" height=\"339\" src=\"https:\/\/open.ieec.uned.es\/in4labs\/wp-content\/uploads\/2023\/04\/Arduino-IoT-Lab.png\" alt=\"\" class=\"wp-image-120\" srcset=\"https:\/\/open.ieec.uned.es\/in4labs\/wp-content\/uploads\/2023\/04\/Arduino-IoT-Lab.png 620w, https:\/\/open.ieec.uned.es\/in4labs\/wp-content\/uploads\/2023\/04\/Arduino-IoT-Lab-300x164.png 300w\" sizes=\"(max-width: 620px) 100vw, 620px\" \/><figcaption><strong><em>Arduino IoT Lab<\/em><\/strong><\/figcaption><\/figure>\n\n\n\n<figure class=\"wp-block-image size-large\"><img loading=\"lazy\" width=\"1024\" height=\"497\" src=\"https:\/\/open.ieec.uned.es\/in4labs\/wp-content\/uploads\/2023\/07\/micro-pic-1024x497.png\" alt=\"\" class=\"wp-image-140\" srcset=\"https:\/\/open.ieec.uned.es\/in4labs\/wp-content\/uploads\/2023\/07\/micro-pic-1024x497.png 1024w, https:\/\/open.ieec.uned.es\/in4labs\/wp-content\/uploads\/2023\/07\/micro-pic-300x146.png 300w, https:\/\/open.ieec.uned.es\/in4labs\/wp-content\/uploads\/2023\/07\/micro-pic-768x373.png 768w, https:\/\/open.ieec.uned.es\/in4labs\/wp-content\/uploads\/2023\/07\/micro-pic.png 1088w\" sizes=\"(max-width: 1024px) 100vw, 1024px\" \/><figcaption><strong><em>Laboratorio remoto de industria 4.0 basado en microcontroladores PIC<\/em><\/strong><\/figcaption><\/figure>\n\n\n\n<p><strong><em> Art\u00edculos en conferencias:<\/em><\/strong><\/p>\n\n\n\n<ul><li>Sergio Martin, Manuel Castro, Elio San Crist\u00f3bal, Gabriel D\u00edaz, Blanca Quintana, Rosario Gil, F\u00e9lix Garc\u00eda Loro, Clara P\u00e9rez, Pedro Plaza, \u00c1frica L\u00f3pez-Rey, German Carro Fern\u00e1ndez, Antonio Robles-G\u00f3mez, Miguel Rodr\u00edguez-Artacho, Llanos Tobarra, Jos\u00e9 A. Rup\u00e9rez-Valiente. Assessment and Recognition in Technical Massive Open On-Line Courses With and Without On-Line Laboratories. EDUCON 2023. 1-4, Mayo, 2023. Salmayia, Kuwait. DOI: <a rel=\"noreferrer noopener\" href=\"https:\/\/doi.org\/10.1109\/EDUCON54358.2023.10125261\" target=\"_blank\">https:\/\/doi.org\/10.1109\/EDUCON54358.2023.10125261<\/a><\/li><li>Santiago R. Urbano, Gabriel Diaz, Sergio Martin.&nbsp;IoT Cybersecurity Virtual Laboratory Based On MQTT.&nbsp;ICL2023 \u2013 26th International Conference on Interactive Collaborative Learning,&nbsp;pp 1061-1068,&nbsp;26\u201329 Septiembre 2023, Hotel NH Ventas. DOI: <a rel=\"noreferrer noopener\" href=\"https:\/\/doi.org\/10.1007\/978-3-031-52667-1_11\" target=\"_blank\">https:\/\/doi.org\/10.1007\/978-3-031-52667-1_11<\/a><\/li><li>Jes\u00fas Anhelo, Antonio Robles, Sergio Martin. Internet of Things Remote Laboratory for MQTT Remote Experimentation. In: Bravo, J., Urz\u00e1iz, G. (eds) Proceedings of the 15th International Conference on Ubiquitous Computing &amp; Ambient Intelligence (UCAmI 2023). Lecture Notes in Networks and Systems, vol 841. Springer, Cham. Diciembre, 2023. DOI: <a rel=\"noreferrer noopener\" href=\"https:\/\/doi.org\/10.1007\/978-3-031-48590-9_16\" target=\"_blank\">https:\/\/doi.org\/10.1007\/978-3-031-48590-9_16<\/a><\/li><li>Sergio A. Falc\u00f3n-L\u00f3pez, Antonio Robles-G\u00f3mez, Llanos Tobarra, Rafael Pastor-Vargas. Dataset Generation and Study of Deepfake Techniques. In: Bravo, J., Urz\u00e1iz, G. (eds) Proceedings of the 15th International Conference on Ubiquitous Computing &amp; Ambient Intelligence (UCAmI 2023). Lecture Notes in Networks and Systems, vol 842. Springer, Cham. Diciembre, 2023. DOI: <a rel=\"noreferrer noopener\" href=\"https:\/\/doi.org\/10.1007\/978-3-031-48642-5_19\" target=\"_blank\">https:\/\/doi.org\/10.1007\/978-3-031-48642-5_19<\/a><\/li><li>Sergio Martin Guti\u00e9rrez, Antonio Robles G\u00f3mez, Manuel Alonso Castro Gil, Elio San Crist\u00f3bal, Gabriel D\u00edaz Orueta, F\u00e9lix Garc\u00eda Loro, Clara P\u00e9rez Molina, Blanca Quintana Galera, Rosario Gil Ortego, Pedro Plaza Merino, \u00c1frica L\u00f3pez-Rey, Germ\u00e1n Carro Fern\u00e1ndez, Llanos Tobarra, Jos\u00e9 A. Ruip\u00e9rez Valiente. Desarrollo de laboratorios remotos de industria 4.0 (IN4LABS). XX encuentro regional AIESAD: Sin l\u00edmites ni fronteras. Nuevos desaf\u00edos de la educaci\u00f3n superior en la era digital, 229-238. 2024. ISBN 978-958-651-967-0. URL: <a rel=\"noreferrer noopener\" href=\"https:\/\/dialnet.unirioja.es\/servlet\/articulo?codigo=10035916\" target=\"_blank\">https:\/\/dialnet.unirioja.es\/servlet\/articulo?codigo=10035916<\/a><\/li><li>Carlos Rej\u00f3n, Sergio Martin, Antonio Robles-G\u00f3mez, Manuel Castro, Elio San Crist\u00f3bal, F\u00e9lix Garc\u00eda, Clara P\u00e9rez, Blanca Quintana, Rosario Gil, Pedro Plaza, \u00c1frica L\u00f3pez-Rey, Germ\u00e1n Carro, Jos\u00e9 Antonio Ruip\u00e9rez, Llanos Tobarra, Rafael Pastor-Vargas. Laboratorio remoto de rob\u00f3tica basado en la plataforma de laboratorios remotos Arduino de la UNED. ieTIC25 &#8211; Educaci\u00f3n 5.0: Inteligencia Artificial y Nuevas Tecnolog\u00edas en el Aula, 6-7 Marzo 2025, Madrid, Espa\u00f1a. URL: <a rel=\"noreferrer noopener\" href=\"https:\/\/canal.uned.es\/video\/67cad151206fcd6de004cf44\" target=\"_blank\">https:\/\/canal.uned.es\/video\/67cad151206fcd6de004cf44<\/a><\/li><li>Sergio Martin, Antonio Robles-G\u00f3mez, Carlos Rej\u00f3n. Aplicaci\u00f3n de la Inteligencia Artificial en la Educaci\u00f3n de Ingenier\u00eda. XIX Jornadas Internacionales de Innovaci\u00f3n Universitaria. Inteligencia Artificial responsable y Sostenibilidad Curricular: oportunidades y retos para la Innovaci\u00f3n Docente, 32-35. 17 Junio 2025, Madrid, Espa\u00f1a. ISBN: 978-84-09-74009-3. URL: <a rel=\"noreferrer noopener\" href=\"https:\/\/hdl.handle.net\/11268\/16279\" target=\"_blank\">https:\/\/hdl.handle.net\/11268\/16279<\/a><\/li><li>Carlos Rej\u00f3n, Sergio Martin, Antonio Robles-G\u00f3mez, Manuel Castro, Elio San Crist\u00f3bal, F\u00e9lix Garc\u00eda, Clara P\u00e9rez, Blanca Quintana, Rosario Gil, Pedro Plaza, \u00c1frica L\u00f3pez-Rey, German Carro, Jos\u00e9 A. Ruip\u00e9rez, Llanos Tobarra. Plataforma abierta para facilitar el desarrollo de laboratorios remotos de industria 4.0 (IN4LABS). Actas de \u00abIoT en educaci\u00f3n: Hacia la industria 5.0\u00bb. ISBN: 979-13-990560-1-3. IEEE, TAEE, UNIR. 2025. URL: <a rel=\"noreferrer noopener\" href=\"https:\/\/asociaciontaee.org\/jdownloads\/Materiales%20Docentes\/Docencia\/IoT_en_educacion_hacia_la_industria_5.0.pdf\" target=\"_blank\">https:\/\/asociaciontaee.org\/jdownloads\/Materiales%20Docentes\/Docencia\/IoT_en_educacion_hacia_la_industria_5.0.pdf<\/a><\/li><li>Sergio Martin, Antonio Robles-G\u00f3mez. In4Labs: Laboratorios Remotos sobre Industria 4.0. XIV Jornadas de investigaci\u00f3n en innovaci\u00f3n docente de la UNED del IUED. Madrid. 16-17 de junio, 2025.<\/li><li>Manuel Castro, Elio Sancristobal, Felix Garcia Loro, Sergio Martin, Russ Meier. MOOC Oriented Activities: Innovate over the Years in Online Learning. IEEE DEMOcon 2025. IEEE Education Society. Boca Rat\u00f3n, FL; USA. &nbsp;5-7 Octubre, 2025.<\/li><li>Carlos Rej\u00f3n, Antonio Robles-G\u00f3mez, Sergio Martin. Experimentation with Remote Laboratories within the In4Labs Open-Source Platform. IEEE 12th International Conference on E-Learning in Industrial Electronics (ICELIE 2025), en conjunci\u00f3n con el IEEE IECON 2025. IEEE Industrial Electronics Society. Madrid. 14-17 Octubre, 2025. URL: <a href=\"https:\/\/iecon2025.org\/schedule\/\">https:\/\/iecon2025.org\/schedule\/<\/a><\/li><\/ul>\n\n\n\n<p><strong><em>Art\u00edculos de revista:<\/em><\/strong><\/p>\n\n\n\n<ul><li>\u00c1lvaro G\u00f3mez-Alonso, Sergio Martin, Manuel Castro. Development of an IoT remote laboratory based on PIC microcontrollers. DYNA New Technologies. January-December 2023, vol. 10, no. 1, p.[10P.]. DOI: <a rel=\"noreferrer noopener\" href=\"https:\/\/doi.org\/10.6036\/NT10828\" target=\"_blank\">https:\/\/doi.org\/10.6036\/NT10828<\/a><\/li><li>\u00c1lvaro G\u00f3mez-Alonso, Sergio Martin, Manuel Castro. Industry 4.0 remote lab based on PIC microcontrollers. Dyna. Julio-Agosto 2023, vol. 98, issue 4, pp. 72-84-9. Print ISSN: 0012-7361. EISSN: 1989-1490. URL: <a rel=\"noreferrer noopener\" href=\"https:\/\/dialnet.unirioja.es\/servlet\/articulo?codigo=9028777\" target=\"_blank\">https:\/\/dialnet.unirioja.es\/servlet\/articulo?codigo=9028777<\/a> (JCR-Q3)<\/li><li>Ismael Delgado, Elio San Crist\u00f3bal, Sergio Martin, Antonio Robles-G\u00f3mez. Exploring IoT Vulnerabilities in a Comprehensive Remote Cybersecurity Laboratory.\u00a0Sensors,\u00a0<em>23<\/em>, 9279. 2023. DOI: <a rel=\"noreferrer noopener\" href=\"https:\/\/doi.org\/10.3390\/s23229279\" target=\"_blank\">https:\/\/doi.org\/10.3390\/s23229279<\/a> (JCR-Q2)<\/li><li>Carlos Rej\u00f3n, Sergio Martin, Antonio Robles-G\u00f3mez.\u00a0Easy Development of Industry 4.0 Remote Labs.\u00a0Electronics,\u00a013(8), 1508. 2024. DOI:\u00a0<a rel=\"noreferrer noopener\" href=\"https:\/\/doi.org\/10.3390\/electronics13081508\" target=\"_blank\">https:\/\/doi.org\/10.3390\/electronics13081508<\/a> (JCR-Q2)<\/li><li><em>S<\/em>ergio Martin, Antonio Robles-G\u00f3mez. Advancing Engineering Education and Industry 4.0: Development of Remote Laboratories and IoT Platform for Practical Skills Acquisition. The Envisioning Report for Empowering Universities. 8th edition. Pages 50-52. European Association of Distance Teaching Universities (EADTU).\u00a02024.<em> <\/em>DOI:\u00a0<a href=\"https:\/\/doi.org\/10.5281\/zenodo.11653241\">https:\/\/doi.org\/10.5281\/zenodo.11653241<\/a><\/li><li>Jes\u00fas Guti\u00e9rrez, Sergio Martin, V\u00edctor H. Rodr\u00edguez, Sergio Albiol, Inmaculada Plaza, Carlos Medrano, Javier Mart\u00ednez. Fall Detection in Low-Illumination Environments From Far-Infrared Images Using Pose Detection and Dynamic Descriptors. IEEE Access 12: 41659-75. 2024. DOI: <a rel=\"noreferrer noopener\" href=\"https:\/\/doi.org\/10.1109\/ACCESS.2024.3375767\" target=\"_blank\">https:\/\/doi.org\/10.1109\/ACCESS.2024.3375767<\/a> (JCR-Q2)<\/li><li>Jos\u00e9 Ignacio Olalde-Verano, Sascha Kirch, Clara P\u00e9rez-Molina, Sergio Martin. SambaMixer: State of Health Prediction of Li-Ion Batteries Using Mamba State Space Models. IEEE Access 13: 2313-27. DOI: <a rel=\"noreferrer noopener\" href=\"https:\/\/doi.org\/10.1109\/ACCESS.2024.3524321\" target=\"_blank\">https:\/\/doi.org\/10.1109\/ACCESS.2024.3524321<\/a> (JCR-Q2)<\/li><li><em>S<\/em>ergio Martin. Nuevas oportunidades en la aplicaci\u00f3n de la Inteligencia Artificial en la Educaci\u00f3n. <em>Enviado a la revista<\/em> Calanda, Revista de la Acci\u00f3n Educativa en Francia. 2025.<\/li><\/ul>\n\n\n\n<p><\/p>\n","protected":false},"excerpt":{"rendered":"<p>La implementaci\u00f3n de nuestros laboratorios remotos de Industria 4.0 de c\u00f3digo abierto en otras instituciones tomar\u00e1 solo alrededor de 2 horas por laboratorio para la configuraci\u00f3n completa del software y el hardware, cuando normalmente llevar\u00eda varios meses de trabajo. Todos los desarrollos del proyecto se encuentran en el siguiente repositorio de GitHub, siendo libremente accesibles&hellip; <a class=\"more-link\" href=\"https:\/\/open.ieec.uned.es\/in4labs\/resultados\/\">Seguir leyendo <span class=\"screen-reader-text\">Resultados<\/span><\/a><\/p>\n","protected":false},"author":2,"featured_media":0,"parent":0,"menu_order":0,"comment_status":"closed","ping_status":"closed","template":"","meta":[],"_links":{"self":[{"href":"https:\/\/open.ieec.uned.es\/in4labs\/wp-json\/wp\/v2\/pages\/101"}],"collection":[{"href":"https:\/\/open.ieec.uned.es\/in4labs\/wp-json\/wp\/v2\/pages"}],"about":[{"href":"https:\/\/open.ieec.uned.es\/in4labs\/wp-json\/wp\/v2\/types\/page"}],"author":[{"embeddable":true,"href":"https:\/\/open.ieec.uned.es\/in4labs\/wp-json\/wp\/v2\/users\/2"}],"replies":[{"embeddable":true,"href":"https:\/\/open.ieec.uned.es\/in4labs\/wp-json\/wp\/v2\/comments?post=101"}],"version-history":[{"count":22,"href":"https:\/\/open.ieec.uned.es\/in4labs\/wp-json\/wp\/v2\/pages\/101\/revisions"}],"predecessor-version":[{"id":246,"href":"https:\/\/open.ieec.uned.es\/in4labs\/wp-json\/wp\/v2\/pages\/101\/revisions\/246"}],"wp:attachment":[{"href":"https:\/\/open.ieec.uned.es\/in4labs\/wp-json\/wp\/v2\/media?parent=101"}],"curies":[{"name":"wp","href":"https:\/\/api.w.org\/{rel}","templated":true}]}}