{"id":141,"date":"2021-11-24T10:13:51","date_gmt":"2021-11-24T09:13:51","guid":{"rendered":"http:\/\/localhost\/hackathonODS\/?page_id=2"},"modified":"2021-11-24T10:13:51","modified_gmt":"2021-11-24T09:13:51","slug":"pagina-ejemplo-2","status":"publish","type":"page","link":"https:\/\/open.ieec.uned.es\/hackathonODS\/","title":{"rendered":"Inicio"},"content":{"rendered":"<h2>\u00bfQu\u00e9 es?<\/h2>\n\n\n<p>El <strong>Hackathon universitario UNED &#8211; ODS<\/strong> consiste en un reto de alcance internacional, relacionado con un conjunto de \u00e1mbitos de estudio multidisciplinares relacionados con la consecuci\u00f3n de los <strong>Objetivos de Desarrollo Sostenible<\/strong>.<\/p>\n\n\n\n<p>Ha ha sido dise\u00f1ado como una actividad creativa disruptiva <strong>no centrada en  desarrollo de software<\/strong> como las hackathons tradicionales, sino que ser\u00e1 un reto acad\u00e9mico singular caracterizado por:<\/p>\n\n\n\n<ul><li>Trabajo colectivo<\/li><\/ul>\n\n\n\n<ul><li>Duraci\u00f3n limitada<\/li><\/ul>\n\n\n\n<ul><li>Resoluci\u00f3n de un reto propuesto por la organizaci\u00f3n<\/li><\/ul>\n\n\n\n<ul><li>Multidisciplinariedad<\/li><\/ul>\n\n\n\n<h2 id=\"organizado-por\"><strong>Organizado por<\/strong><\/h2>\n\n\n\n<p>El Hackathon UNED ODS es una iniciativa de la <strong>C\u00e1tedra UNESCO de Educaci\u00f3n a Distancia (CUED)<\/strong> y la <strong>C\u00e1tedra UNESCO de Educaci\u00f3n Ambiental y Desarrollo Sostenible<\/strong>, ambas ostentadas por la <strong>UNED<\/strong>.<\/p>\n\n\n\n<h2 id=\"Audiencia\"><strong>\u00bfA qui\u00e9n est\u00e1 dirigido?<\/strong><\/h2>\n\n\n\n<p>El hackathon est\u00e1 dirigido a todos los estudiantes de formaci\u00f3n reglada de la UNED:<\/p>\n\n\n\n<ul><li>Estudiantes de Grado\/Microgrado.<\/li><\/ul>\n\n\n\n<ul><li>Estudiantes de M\u00e1ster\/Posgrado\/MicroMaster.<\/li><\/ul>\n\n\n\n<ul><li>Doctorandos y doctorandas.<\/li><\/ul>\n\n\n\n<h2 id=\"reglas-de-participacion\"><strong>Reglas de participaci\u00f3n<\/strong><\/h2>\n\n\n\n<ul><li>La participaci\u00f3n en el hackathon es voluntaria y gratuita.<\/li><li>Las plazas son limitadas.<\/li><\/ul>\n\n\n\n<ul><li>Los participantes deber\u00e1n inscribirse con su correo electr\u00f3nico UNED, acreditando as\u00ed ser estudiantes de formaci\u00f3n reglada.<\/li><\/ul>\n\n\n\n<ul><li>Los estudiantes deber\u00e1n configurar grupos de entre 4 y 5 personas preferentemente perteneciendo a varias facultades distintas, fomentando as\u00ed la multidisciplinariedad.<\/li><\/ul>\n\n\n\n<ul><li>Los equipos dispondr\u00e1n de un total de 24 horas para la resoluci\u00f3n del reto, desde el inicio del evento.<\/li><\/ul>\n\n\n\n<ul><li>El jurado puede declarar el premio desierto.<\/li><\/ul>\n\n\n\n<ul><li>Cada grupo&nbsp; dispondr\u00e1 de un profesor supervisor que supervisar\u00e1 el trabajo del grupo\/grupos y podr\u00e1 ir resolviendo las dudas que los participantes puedan tener a lo largo de las 24 horas. El supervisor deber\u00e1 formar parte de la estructura docente de la universidad y ser conocedor del tema del reto (ODS). Si el grupo no propone ning\u00fan supervisor los organizadores le asignar\u00e1n uno.<\/li><\/ul>\n\n\n\n<ul><li>Los grupos trabajar\u00e1n principalmente a trav\u00e9s de medios telem\u00e1ticos a trav\u00e9s de la herramienta Teams, donde cada grupo dispondr\u00e1 de un espacio donde debatir, reunirse y trabajar colaborativamente.<\/li><\/ul>\n\n\n\n<ul><li>Para que consten como v\u00e1lidas las respuestas presentadas por cada uno de los grupos, deber\u00e1n incluir:<\/li><\/ul>\n\n\n<ul>\n<li style=\"list-style-type: none;\">\n<ul>\n<li style=\"list-style-type: none;\">\n<ul>\n<li>\n<p>Razonamiento te\u00f3rico del reto con bibliograf\u00eda: m\u00e1ximo 2 p\u00e1ginas sin contar la bibliograf\u00eda (tama\u00f1o letra 12).<\/p>\n<\/li>\n<li>\n<p>Desarrollo de una acci\u00f3n que pueda implementarse como propuesta para solucionar el reto: m\u00e1ximo 10 p\u00e1ginas (tama\u00f1o letra 12).<\/p>\n<\/li>\n<li>\n<p><span style=\"font-size: revert;\">V\u00eddeo con los integrantes del grupo presentando el proyecto y la propuesta de resoluci\u00f3n (5 minutos m\u00e1ximo).<\/span><\/p>\n<p><!-- \/wp:paragraph --><\/p>\n<\/li>\n<\/ul>\n<\/li>\n<\/ul>\n<\/li>\n<\/ul>\n<p><!-- wp:heading --><\/p>\n<h2><strong>Jurado<\/strong><\/h2>\n<p><!-- \/wp:heading --><\/p>\n<p><!-- wp:paragraph --><\/p>\n<p>El Jurado encargado de deliberar y determinar el equipo ganador estar\u00e1 integrado, entre otros, por:<\/p>\n<p><!-- \/wp:paragraph --><\/p>\n<p><!-- wp:list --><\/p>\n<ul>\n<li>Representante de la C\u00e1tedra UNESCO de Educaci\u00f3n Ambiental y Desarrollo Sostenible.<\/li>\n<\/ul>\n<p><!-- \/wp:list --><\/p>\n<p><!-- wp:list --><\/p>\n<ul>\n<li>Representante de la C\u00e1tedra UNESCO de Educaci\u00f3n a Distancia.<\/li>\n<\/ul>\n<p><!-- \/wp:list --><\/p>\n<p><!-- wp:list --><\/p>\n<ul>\n<li>Representante del Vicerrectorado de Innovaci\u00f3n y Digitalizaci\u00f3n<\/li>\n<\/ul>\n<p><!-- \/wp:list --><\/p>\n<p><!-- wp:heading --><\/p>\n<h2><strong>Criterios de evaluaci\u00f3n<\/strong><\/h2>\n<p><!-- \/wp:heading --><\/p>\n<p><!-- wp:paragraph --><\/p>\n<p>La decisi\u00f3n final del jurado se basar\u00e1 en una r\u00fabrica de evaluaci\u00f3n, que asignar\u00e1 una calificaci\u00f3n a cada par\u00e1metro a evaluar para determinar la puntuaci\u00f3n total de los equipos participantes.<\/p>\n<p><!-- \/wp:paragraph --><\/p>\n<p><!-- wp:paragraph --><\/p>\n<p>R\u00fabrica:<\/p>\n<p><!-- \/wp:paragraph --><\/p>\n<p><!-- wp:list --><\/p>\n<ul>\n<li>\u200b\u200bBuena argumentaci\u00f3n del razonamiento te\u00f3rico: 10 puntos<\/li>\n<li>Grado de descripci\u00f3n de la acci\u00f3n: 15 puntos<\/li>\n<li>Grado de Innovaci\u00f3n de la propuesta: 20 puntos<\/li>\n<li>Nivel de interdisciplinariedad: 5 puntos<\/li>\n<li>Integraci\u00f3n de competencias digitales: 10 puntos<\/li>\n<li>Viabilidad de aplicaci\u00f3n en la UNED: 10 puntos<\/li>\n<li>Bibliograf\u00eda adecuada y actualizada: 10 puntos<\/li>\n<li>Atractivo del v\u00eddeo: 10 puntos<\/li>\n<\/ul>\n<p><!-- \/wp:list --><\/p>\n<p><!-- wp:heading --><\/p>\n<h2><strong>El reto<\/strong><\/h2>\n<p><!-- \/wp:heading --><\/p>\n<p><!-- wp:paragraph --><\/p>\n<p>El reto busca abordar una vertiente de estudio que pueda ser trabajada desde una \u00f3ptica multidisciplinar y que apele a los ODS.<\/p>\n<p><!-- \/wp:paragraph --><\/p>\n<p><!-- wp:paragraph --><\/p>\n<p>El detalle del reto ser\u00e1 comunicado a todos los participantes simult\u00e1neamente en el momento en que se active la plataforma para la resoluci\u00f3n del reto.<\/p>\n<p><!-- \/wp:paragraph --><\/p>\n<p><!-- wp:heading --><\/p>\n<h2><strong>El premio<\/strong><\/h2>\n<p><!-- \/wp:heading --><\/p>\n<p><!-- wp:paragraph --><\/p>\n<p>Cada uno de los integrantes del equipo ganador recibir\u00e1 un diploma acreditativo de ganador del Hackathon UNED ODS 2022, expedido por la C\u00e1tedra UNESCO de Educaci\u00f3n a Distancia.<\/p>\n<p>Los equipos que queden en segundo y tercer lugar tambi\u00e9n recibir\u00e1n un diploma acreditativo.<\/p>\n<p>Para todos los integrantes de los equipos que presenten su proyecto, y hayan tenido una participaci\u00f3n activa, se est\u00e1 trabajando para intentar convalidar 0,5 cr\u00e9ditos ECTS por dicha actividad.<\/p>\n<p><!-- \/wp:paragraph --><\/p>\n<p><!-- wp:heading --><\/p>\n<h2><strong><a href=\"https:\/\/open.ieec.uned.es\/hackathonODS\/inscripcion\/\">\u00a1Inscr\u00edbete ya! \u00a1Plazas limitadas!<\/a><\/strong><\/h2>\n<p><!-- \/wp:heading --><\/p>\n<p><!-- wp:paragraph --><\/p>\n<p><!-- \/wp:paragraph --><\/p>","protected":false},"excerpt":{"rendered":"<p>\u00bfQu\u00e9 es? El Hackathon universitario UNED &#8211; ODS consiste en<span class=\"more-button\"><a href=\"https:\/\/open.ieec.uned.es\/hackathonODS\/\" class=\"more-link\">Continue reading<span class=\"screen-reader-text\">Inicio<\/span><\/a><\/span><\/p>\n","protected":false},"author":1,"featured_media":22,"parent":0,"menu_order":0,"comment_status":"closed","ping_status":"closed","template":"","meta":[],"_links":{"self":[{"href":"https:\/\/open.ieec.uned.es\/hackathonODS\/wp-json\/wp\/v2\/pages\/141"}],"collection":[{"href":"https:\/\/open.ieec.uned.es\/hackathonODS\/wp-json\/wp\/v2\/pages"}],"about":[{"href":"https:\/\/open.ieec.uned.es\/hackathonODS\/wp-json\/wp\/v2\/types\/page"}],"author":[{"embeddable":true,"href":"https:\/\/open.ieec.uned.es\/hackathonODS\/wp-json\/wp\/v2\/users\/1"}],"replies":[{"embeddable":true,"href":"https:\/\/open.ieec.uned.es\/hackathonODS\/wp-json\/wp\/v2\/comments?post=141"}],"version-history":[{"count":0,"href":"https:\/\/open.ieec.uned.es\/hackathonODS\/wp-json\/wp\/v2\/pages\/141\/revisions"}],"wp:featuredmedia":[{"embeddable":true,"href":"https:\/\/open.ieec.uned.es\/hackathonODS\/wp-json\/wp\/v2\/media\/22"}],"wp:attachment":[{"href":"https:\/\/open.ieec.uned.es\/hackathonODS\/wp-json\/wp\/v2\/media?parent=141"}],"curies":[{"name":"wp","href":"https:\/\/api.w.org\/{rel}","templated":true}]}}